{"id":9,"date":"2020-05-03T16:00:09","date_gmt":"2020-05-03T16:00:09","guid":{"rendered":"http:\/\/perlenwerkstatt.at\/home\/?page_id=9"},"modified":"2022-11-07T19:44:00","modified_gmt":"2022-11-07T19:44:00","slug":"kontakt","status":"publish","type":"page","link":"https:\/\/perlenwerkstatt.at\/home\/kontakt\/","title":{"rendered":"Kontakt"},"content":{"rendered":"\n<p>F\u00fcr Fragen, W\u00fcnsche oder Auftr\u00e4ge k\u00f6nnen Sie mich gerne kontaktieren.  <br><br>Tel.: <em>+43 664 302 1020<\/em><br>E-Mail: <em>office@perlenwerkstatt.at<\/em> <br>Facebook: <em>Heidi Haas<\/em> <br><br>Ich freue mich \u00fcber Ihre Anfrage! <\/p>\n","protected":false},"excerpt":{"rendered":"<p>F\u00fcr Fragen, W\u00fcnsche oder Auftr\u00e4ge k\u00f6nnen Sie mich gerne kontaktieren. Tel.: +43 664 302 1020E-Mail: office@perlenwerkstatt.at Facebook: Heidi Haas Ich freue mich \u00fcber Ihre Anfrage!<\/p>\n","protected":false},"author":1,"featured_media":0,"parent":0,"menu_order":0,"comment_status":"closed","ping_status":"closed","template":"","meta":{"footnotes":""},"class_list":["post-9","page","type-page","status-publish","hentry"],"_links":{"self":[{"href":"https:\/\/perlenwerkstatt.at\/home\/wp-json\/wp\/v2\/pages\/9","targetHints":{"allow":["GET"]}}],"collection":[{"href":"https:\/\/perlenwerkstatt.at\/home\/wp-json\/wp\/v2\/pages"}],"about":[{"href":"https:\/\/perlenwerkstatt.at\/home\/wp-json\/wp\/v2\/types\/page"}],"author":[{"embeddable":true,"href":"https:\/\/perlenwerkstatt.at\/home\/wp-json\/wp\/v2\/users\/1"}],"replies":[{"embeddable":true,"href":"https:\/\/perlenwerkstatt.at\/home\/wp-json\/wp\/v2\/comments?post=9"}],"version-history":[{"count":5,"href":"https:\/\/perlenwerkstatt.at\/home\/wp-json\/wp\/v2\/pages\/9\/revisions"}],"predecessor-version":[{"id":242,"href":"https:\/\/perlenwerkstatt.at\/home\/wp-json\/wp\/v2\/pages\/9\/revisions\/242"}],"wp:attachment":[{"href":"https:\/\/perlenwerkstatt.at\/home\/wp-json\/wp\/v2\/media?parent=9"}],"curies":[{"name":"wp","href":"https:\/\/api.w.org\/{rel}","templated":true}]}}